{"id":2064,"date":"2018-06-01T12:45:08","date_gmt":"2018-06-01T15:45:08","guid":{"rendered":"https:\/\/ipemar.org.br\/?page_id=2064"},"modified":"2025-06-27T13:32:25","modified_gmt":"2025-06-27T16:32:25","slug":"kamome","status":"publish","type":"page","link":"https:\/\/ipemar.org.br\/en\/kamome\/","title":{"rendered":"Kamome"},"content":{"rendered":"<div class=\"wpb-content-wrapper\"><p>[vc_row full_width=&#8221;stretch_row_content&#8221; row_dynamic_height=&#8221;40&#8243; columns_placement_dyn=&#8221;top&#8221; parallax=&#8221;content-moving&#8221; parallax_image=&#8221;2097&#8243; css=&#8221;.vc_custom_1527870822516{margin-top: -60px !important;}&#8221;][vc_column][vc_custom_heading text=&#8221;Kamone&#8221; use_theme_fonts=&#8221;yes&#8221; font_container=&#8221;tag:h2|font_size:50|text_align:center|color:%23ffffff&#8221; text_shadow=&#8221;shadow7&#8243; css=&#8221;.vc_custom_1527870860118{margin-top: 70px !important;}&#8221;][vc_custom_heading text=&#8221;N\u00facleo de Cultura&#8221; use_theme_fonts=&#8221;yes&#8221; font_container=&#8221;tag:h2|font_size:30|text_align:center|color:%23ffffff&#8221; text_shadow=&#8221;shadow7&#8243;][\/vc_column][\/vc_row][vc_row css=&#8221;.vc_custom_1527862086269{margin-top: 60px !important;}&#8221;][vc_column][vc_column_text]<span data-contrast=\"none\">Durante o s\u00e9culo XX, dezenas de ind\u00fastrias de beneficiamento de pescado se espalharam pelas vilas da Ilha Grande. A sardinha salgada era o principal produto dessas f\u00e1bricas. Grande parte desses empreendimentos era de propriedade de imigrantes japoneses. A partir da d\u00e9cada de 1980, o chamado \u201cciclo da sardinha\u201d inicia trajet\u00f3ria de decl\u00ednio.<\/span><span data-ccp-props=\"{&quot;134233117&quot;:false,&quot;134233118&quot;:false,&quot;201341983&quot;:2,&quot;335559738&quot;:0,&quot;335559739&quot;:450,&quot;335559740&quot;:384}\">&nbsp;<\/span><\/p>\n<p><span data-contrast=\"none\">Entre as d\u00e9cadas de 1930 e 1990, portanto, as f\u00e1bricas de sardinha desempenharam importante papel na economia, organiza\u00e7\u00e3o social e na ocupa\u00e7\u00e3o dos espa\u00e7os das vilas costeiras em Ilha Grande. Os registros desse importante momento da hist\u00f3ria se encontram dispersos em arquivos familiares ou na mem\u00f3ria. Dos pr\u00e9dios espalhados pelas vilas, alguns foram completamente demolidos, outros tiveram seus galp\u00f5es transformados em pousadas. Nesse contexto, a Kamome \u00e9, possivelmente, a \u00fanica constru\u00e7\u00e3o remanescente desse per\u00edodo, mantendo suas caracter\u00edsticas originais \u2013 como a arquitetura, os tanques de salga e at\u00e9 alguns equipamentos. Localizada na Praia de Matariz, a f\u00e1brica ocupa dimens\u00e3o aproximada de 6500m\u00b2.<\/span><span data-ccp-props=\"{&quot;134233117&quot;:false,&quot;134233118&quot;:false,&quot;201341983&quot;:2,&quot;335559738&quot;:0,&quot;335559739&quot;:450,&quot;335559740&quot;:384}\">&nbsp;<\/span><\/p>\n<p><span data-contrast=\"none\">O espa\u00e7o da Kamome guarda importante valor simb\u00f3lico para a Ilha Grande, podendo constituir ponte de liga\u00e7\u00e3o com um futuro sustent\u00e1vel que una tradi\u00e7\u00e3o e inova\u00e7\u00e3o. Foi essa a motiva\u00e7\u00e3o para a elabora\u00e7\u00e3o de uma proposta de uso das instala\u00e7\u00f5es da antiga ind\u00fastria. A ideia \u00e9 transform\u00e1-la num ambiente multifuncional, que una, em um \u00fanico espa\u00e7o, um centro de mem\u00f3ria da Ilha Grande, um n\u00facleo de pesquisas aplicadas a maricultura e a tecnologias ambientais, a\u00e7\u00f5es de educa\u00e7\u00e3o e cultura, al\u00e9m de usos comunit\u00e1rios. Essas atividades est\u00e3o no campo de a\u00e7\u00e3o do IPEMAR (Instituto de Pesquisas Marinhas, Arquitetura e Recursos Renov\u00e1veis), institui\u00e7\u00e3o respons\u00e1vel pela proposta.<\/span><span data-ccp-props=\"{&quot;134233117&quot;:false,&quot;134233118&quot;:false,&quot;201341983&quot;:2,&quot;335559738&quot;:0,&quot;335559739&quot;:450,&quot;335559740&quot;:384}\">&nbsp;<\/span>[\/vc_column_text][vc_empty_space height=&#8221;20px&#8221;][vc_column_text][\/vc_column_text][vc_empty_space height=&#8221;40px&#8221;][rdy_gallery type=&#8221;grid_adv&#8221; adv_pattern=&#8221;4&#8243; images=&#8221;1943,1939,1938,1940,1911&#8243;][\/vc_column][\/vc_row][vc_row gap=&#8221;40&#8243; css=&#8221;.vc_custom_1527718103208{margin-top: 60px !important;}&#8221;][vc_column width=&#8221;1\/2&#8243;][vc_btn title=&#8221;Acompanhe as not\u00edcias do projeto&#8221; style=&#8221;flat&#8221; shape=&#8221;square&#8221; color=&#8221;primary&#8221; align=&#8221;center&#8221; i_icon_fontawesome=&#8221;fa fa-newspaper-o&#8221; button_block=&#8221;true&#8221; add_icon=&#8221;true&#8221; link=&#8221;url:https%3A%2F%2Fipemar.org.br%2Fnoticias%2F|||&#8221;][\/vc_column][vc_column width=&#8221;1\/2&#8243;][vc_btn title=&#8221;Participe! Seja um doador ou patrocinador&#8221; style=&#8221;flat&#8221; shape=&#8221;square&#8221; color=&#8221;primary&#8221; align=&#8221;center&#8221; i_icon_fontawesome=&#8221;fa fa-star&#8221; button_block=&#8221;true&#8221; add_icon=&#8221;true&#8221; link=&#8221;url:https%3A%2F%2Fipemar.org.br%2Fparticipe%2F|||&#8221;][\/vc_column][\/vc_row][vc_row][vc_column][vc_column_text][\/vc_column_text][\/vc_column][\/vc_row][vc_row css=&#8221;.vc_custom_1521048084697{margin-top: -30px !important;}&#8221;][vc_column][vc_empty_space height=&#8221;60&#8243;][vc_custom_heading text=&#8221;Conhe\u00e7a Tamb\u00e9m:&#8221; use_theme_fonts=&#8221;yes&#8221; font_container=&#8221;tag:h2|font_size:30|text_align:center|color:%23126596&#8243;][vc_empty_space height=&#8221;40px&#8221;]<aside class=\"ul-custom-css-inline\">\t\t\t\t\t\t\t\t\t\t\r\n\t\t\t\t\t\t\t\t\t\t<link rel=\"stylesheet\" id=\"ul-google-fonts-css\" href=\"https:\/\/fonts.googleapis.com\/css?family=titillium+web%7Ccinzel\" type=\"text\/css\" media=\"all\" \/><style type=\"text\/css\">#ul23867.ultimate-layouts-container h3.ultimate-layouts-title, \r\n\t\t\t\t\t\t\t\t\t#ul23867.ultimate-layouts-container h3.ultimate-layouts-title a{font-family:\"titillium web\" !important;font-size:16 !important;font-weight:normal !important;font-style:normal !important;}.ul_quickview_p_ul23867.ul-quick-view-style h3.ultimate-layouts-title,\r\n\t\t\t\t\t\t\t\t\t\t.ul_quickview_p_ul23867.ul-quick-view-style h3.ultimate-layouts-title a{font-family:\"titillium web\" !important;}#ul23867.ultimate-layouts-container .ul-cb-style-listing h3.ultimate-layouts-title, \r\n\t\t\t\t\t\t\t\t\t\t#ul23867.ultimate-layouts-container .ul-cb-style-listing h3.ultimate-layouts-title a{\r\n\t\t\t\t\t\t\t\t\t\t\tfont-size:calc(16 * 0.78) !important;\r\n\t\t\t\t\t\t\t\t\t\t\tfont-size:-webkit-calc(16 * 0.78) !important;\r\n\t\t\t\t\t\t\t\t\t\t\tfont-size:-moz-calc(16 * 0.78) !important;\r\n\t\t\t\t\t\t\t\t\t\t\tfont-size:-ms-calc(16 * 0.78) !important;\r\n\t\t\t\t\t\t\t\t\t\t\tfont-size:-o-calc(16 * 0.78) !important;\r\n\t\t\t\t\t\t\t\t\t\t}#ul23867.ultimate-layouts-container .ul-pagination-wrap .ul-loadmore-style,\r\n\t\t\t\t\t\t\t\t\t\t#ul23867.ultimate-layouts-container .ul-pagination-wrap .ul-page-numbers .paginationjs .paginationjs-pages ul li>a {font-family:\"cinzel\" !important;}<\/style><style type=\"text\/css\">#ul23867.ultimate-layouts-container .ultimate-layouts-item .ultimate-layouts-entry-wrapper{background-color:#ffffff !important;}#ul23867.ultimate-layouts-container .ultimate-layouts-listing-wrap .ultimate-layouts-item .ultimate-layouts-entry-wrapper{border-color:#efefef !important;}#ul23867.ultimate-layouts-container .ultimate-layouts-listing-wrap .ultimate-layouts-item .ultimate-layouts-entry-wrapper\r\n\t\t\t\t\t\t\t\t\t\t{box-shadow:0 0 12px rgba(255,255,255,0.01) !important;-webkit-box-shadow:0 0 12px rgba(255,255,255,0.01) !important;}#ul23867.ultimate-layouts-container .ul-pagination-wrap .ul-infinite-action .ul-infinite-loading{color:#7f7f7f !important;}<\/style>\r\n\t\t\t\t\t\t\t\t\t\t<h6>h6<\/h6>\r\n\t\t\t\t\t\t\t\t\t<\/aside>[vc_empty_space height=&#8221;40px&#8221;][\/vc_column][\/vc_row][vc_row][vc_column][vc_column_text][\/vc_column_text][\/vc_column][\/vc_row]<\/p>\n<\/div>","protected":false},"excerpt":{"rendered":"<p>A Kamome foi a maior dentre as ind\u00fastrias existentes. Localizada na Praia de Matariz, suas instala\u00e7\u00f5es ocupam dimens\u00e3o aproximada de 6500m\u00b2. A ideia \u00e9 transform\u00e1-la num ambiente multifuncional, que una, em um \u00fanico espa\u00e7o, um centro de mem\u00f3ria da Ilha Grande, um n\u00facleo de pesquisas aplicadas a maricultura e a tecnologias ambientais, a\u00e7\u00f5es de educa\u00e7\u00e3o e cultura, al\u00e9m de usos comunit\u00e1rios.<\/p>\n","protected":false},"author":3,"featured_media":1380,"parent":0,"menu_order":0,"comment_status":"closed","ping_status":"closed","template":"","meta":{"footnotes":""},"class_list":["post-2064","page","type-page","status-publish","has-post-thumbnail","hentry"],"_links":{"self":[{"href":"https:\/\/ipemar.org.br\/en\/wp-json\/wp\/v2\/pages\/2064","targetHints":{"allow":["GET"]}}],"collection":[{"href":"https:\/\/ipemar.org.br\/en\/wp-json\/wp\/v2\/pages"}],"about":[{"href":"https:\/\/ipemar.org.br\/en\/wp-json\/wp\/v2\/types\/page"}],"author":[{"embeddable":true,"href":"https:\/\/ipemar.org.br\/en\/wp-json\/wp\/v2\/users\/3"}],"replies":[{"embeddable":true,"href":"https:\/\/ipemar.org.br\/en\/wp-json\/wp\/v2\/comments?post=2064"}],"version-history":[{"count":22,"href":"https:\/\/ipemar.org.br\/en\/wp-json\/wp\/v2\/pages\/2064\/revisions"}],"predecessor-version":[{"id":7913,"href":"https:\/\/ipemar.org.br\/en\/wp-json\/wp\/v2\/pages\/2064\/revisions\/7913"}],"wp:featuredmedia":[{"embeddable":true,"href":"https:\/\/ipemar.org.br\/en\/wp-json\/wp\/v2\/media\/1380"}],"wp:attachment":[{"href":"https:\/\/ipemar.org.br\/en\/wp-json\/wp\/v2\/media?parent=2064"}],"curies":[{"name":"wp","href":"https:\/\/api.w.org\/{rel}","templated":true}]}}