{"id":7906,"date":"2025-06-27T13:22:32","date_gmt":"2025-06-27T16:22:32","guid":{"rendered":"https:\/\/ipemar.org.br\/?page_id=7906"},"modified":"2025-06-30T15:05:23","modified_gmt":"2025-06-30T18:05:23","slug":"fortalecendo-a-producao-de-vieiras-na-baia-da-ilha-grande","status":"publish","type":"page","link":"https:\/\/ipemar.org.br\/en\/fortalecendo-a-producao-de-vieiras-na-baia-da-ilha-grande\/","title":{"rendered":"(Portugu\u00eas) FORTALECENDO A PRODU\u00c7\u00c3O DE VIEIRAS NA BA\u00cdA DA ILHA GRANDE"},"content":{"rendered":"<p class=\"qtranxs-available-languages-message qtranxs-available-languages-message-en\">Sorry, this entry is only available in <a href=\"https:\/\/ipemar.org.br\/pb\/wp-json\/wp\/v2\/pages\/7906\" class=\"qtranxs-available-language-link qtranxs-available-language-link-pb\" title=\"Portugu\u00eas\">Portugu\u00eas<\/a>.<\/p>","protected":false},"excerpt":{"rendered":"<p>Sorry, this entry is only available in Portugu\u00eas.<\/p>\n","protected":false},"author":8,"featured_media":7953,"parent":0,"menu_order":0,"comment_status":"closed","ping_status":"closed","template":"","meta":{"footnotes":""},"class_list":["post-7906","page","type-page","status-publish","has-post-thumbnail","hentry"],"_links":{"self":[{"href":"https:\/\/ipemar.org.br\/en\/wp-json\/wp\/v2\/pages\/7906","targetHints":{"allow":["GET"]}}],"collection":[{"href":"https:\/\/ipemar.org.br\/en\/wp-json\/wp\/v2\/pages"}],"about":[{"href":"https:\/\/ipemar.org.br\/en\/wp-json\/wp\/v2\/types\/page"}],"author":[{"embeddable":true,"href":"https:\/\/ipemar.org.br\/en\/wp-json\/wp\/v2\/users\/8"}],"replies":[{"embeddable":true,"href":"https:\/\/ipemar.org.br\/en\/wp-json\/wp\/v2\/comments?post=7906"}],"version-history":[{"count":0,"href":"https:\/\/ipemar.org.br\/en\/wp-json\/wp\/v2\/pages\/7906\/revisions"}],"wp:featuredmedia":[{"embeddable":true,"href":"https:\/\/ipemar.org.br\/en\/wp-json\/wp\/v2\/media\/7953"}],"wp:attachment":[{"href":"https:\/\/ipemar.org.br\/en\/wp-json\/wp\/v2\/media?parent=7906"}],"curies":[{"name":"wp","href":"https:\/\/api.w.org\/{rel}","templated":true}]}}